{"id":574,"date":"2019-10-25T13:44:13","date_gmt":"2019-10-25T10:44:13","guid":{"rendered":"http:\/\/gradientti.www-6.cloudcenter.fi\/?page_id=574"},"modified":"2023-11-15T08:40:47","modified_gmt":"2023-11-15T06:40:47","slug":"contact-us","status":"publish","type":"page","link":"https:\/\/www.gradientti.fi\/en\/contact-us\/","title":{"rendered":"Contact us"},"content":{"rendered":"\n\t<section class=\"section dark\" id=\"section_582454175\">\n\t\t<div class=\"section-bg fill\" >\n\t\t\t<img loading=\"lazy\" decoding=\"async\" width=\"1140\" height=\"349\" src=\"https:\/\/www.gradientti.fi\/wp-content\/uploads\/2019\/10\/gradientti_yhteystiedot_01.jpg\" class=\"bg attachment-original size-original\" alt=\"Luomme ratkaisuja, joissa yhdistyv\u00e4t ymp\u00e4rist\u00f6my\u00f6nteisyys, velvoitteiden t\u00e4yttyminen ja taloudelliset tavoitteet.\" \/>\t\t\t\t\t\t\n\t\t\t\n\n\t\t<\/div>\n\n\t\t\n\n\t\t<div class=\"section-content relative\">\n\t\t\t\n<div class=\"row align-middle align-center\"  id=\"row-1322548979\">\n\n\t<div id=\"col-1621280766\" class=\"col small-12 large-12\"  >\n\t\t\t\t<div class=\"col-inner text-center\"  >\n\t\t\t\n\t\t\t\n\t\t<\/div>\n\t\t\t\t\t<\/div>\n\n\t\n<\/div>\n\t\t<\/div>\n\n\t\t\n<style>\n#section_582454175 {\n  padding-top: 30px;\n  padding-bottom: 30px;\n  min-height: 350px;\n}\n<\/style>\n\t<\/section>\n\t\n<div class=\"row\"  id=\"row-1492462289\">\n\n\t<div id=\"col-239855342\" class=\"col small-12 large-12\"  >\n\t\t\t\t<div class=\"col-inner\"  >\n\t\t\t\n\t\t\t\n<h1>Contact us<\/h1>\n\t\t<\/div>\n\t\t\t\t\t<\/div>\n\n\t\n\n\t<div id=\"col-970170847\" class=\"col medium-6 small-12 large-6\"  >\n\t\t\t\t<div class=\"col-inner\"  >\n\t\t\t\n\t\t\t\n<h2>Insin\u00f6\u00f6ritoimisto Gradientti Oy<\/h2>\n<p>Ahjokatu 4 A, FI-15800 Lahti<\/p>\n<p>Email: info[at]gradientti.fi<\/p>\n\t\t<\/div>\n\t\t\t\t\t<\/div>\n\n\t\n\n\t<div id=\"col-188702089\" class=\"col medium-6 small-9 large-6\"  >\n\t\t\t\t<div class=\"col-inner\"  >\n\t\t\t\n\t\t\t\n    <div class=\"box has-hover has-hover box-vertical box-text-middle\" >\n\n                  <div class=\"box-image \" style=\"width:40%;\">\n           <div class=\"box-image-inner image-cover\" style=\"border-radius:100%;padding-top:100%;\">\n              <img loading=\"lazy\" decoding=\"async\" width=\"2213\" height=\"2560\" src=\"https:\/\/www.gradientti.fi\/wp-content\/uploads\/2022\/01\/Kirsti-2-scaled.jpg\" class=\"attachment-original size-original\" alt=\"Kirsti toimitusjohtaja\" srcset=\"https:\/\/www.gradientti.fi\/wp-content\/uploads\/2022\/01\/Kirsti-2-scaled.jpg 2213w, https:\/\/www.gradientti.fi\/wp-content\/uploads\/2022\/01\/Kirsti-2-259x300.jpg 259w, https:\/\/www.gradientti.fi\/wp-content\/uploads\/2022\/01\/Kirsti-2-885x1024.jpg 885w, https:\/\/www.gradientti.fi\/wp-content\/uploads\/2022\/01\/Kirsti-2-768x888.jpg 768w, https:\/\/www.gradientti.fi\/wp-content\/uploads\/2022\/01\/Kirsti-2-1328x1536.jpg 1328w, https:\/\/www.gradientti.fi\/wp-content\/uploads\/2022\/01\/Kirsti-2-1771x2048.jpg 1771w\" sizes=\"auto, (max-width: 2213px) 100vw, 2213px\" \/>                         <\/div>\n          <\/div>\n         \n          <div class=\"box-text text-left\" >\n                <div class=\"box-text-inner\">\n                  <h4 class=\"uppercase\">\n                    <span class=\"person-name\">Kirsti M\u00e4\u00e4tt\u00e4<\/span><br\/>\n                    <span class=\"person-title is-small thin-font op-7\">\n                      CEO                    <\/span>\n                  <\/h4>\n\t\t\t\t\t\n<p>Tel. 050 409 7475<br \/>\nkirsti.maatta[at]gradientti.fi<\/p>\n                <\/div>\n          <\/div>\n    <\/div>\n\n\t\n    \n\t\t<\/div>\n\t\t\t\t\t<\/div>\n\n\t\n<\/div>\n","protected":false},"excerpt":{"rendered":"","protected":false},"author":1,"featured_media":0,"parent":0,"menu_order":0,"comment_status":"closed","ping_status":"closed","template":"","meta":{"footnotes":""},"class_list":["post-574","page","type-page","status-publish","hentry"],"yoast_head":"<!-- This site is optimized with the Yoast SEO plugin v24.5 - https:\/\/yoast.com\/wordpress\/plugins\/seo\/ -->\n<title>Contact us - Insin\u00f6\u00f6ritoimisto Gradientti Oy<\/title>\n<meta name=\"robots\" content=\"index, follow, max-snippet:-1, max-image-preview:large, max-video-preview:-1\" \/>\n<link rel=\"canonical\" href=\"https:\/\/www.gradientti.fi\/en\/contact-us\/\" \/>\n<meta property=\"og:locale\" content=\"en_US\" \/>\n<meta property=\"og:type\" content=\"article\" \/>\n<meta property=\"og:title\" content=\"Contact us - Insin\u00f6\u00f6ritoimisto Gradientti Oy\" \/>\n<meta property=\"og:url\" content=\"https:\/\/www.gradientti.fi\/en\/contact-us\/\" \/>\n<meta property=\"og:site_name\" content=\"Insin\u00f6\u00f6ritoimisto Gradientti Oy\" \/>\n<meta property=\"article:modified_time\" content=\"2023-11-15T06:40:47+00:00\" \/>\n<meta name=\"twitter:card\" content=\"summary_large_image\" \/>\n<meta name=\"twitter:label1\" content=\"Est. reading time\" \/>\n\t<meta name=\"twitter:data1\" content=\"1 minute\" \/>\n<script type=\"application\/ld+json\" class=\"yoast-schema-graph\">{\"@context\":\"https:\/\/schema.org\",\"@graph\":[{\"@type\":\"WebPage\",\"@id\":\"https:\/\/www.gradientti.fi\/en\/contact-us\/\",\"url\":\"https:\/\/www.gradientti.fi\/en\/contact-us\/\",\"name\":\"Contact us - Insin\u00f6\u00f6ritoimisto Gradientti Oy\",\"isPartOf\":{\"@id\":\"https:\/\/www.gradientti.fi\/#website\"},\"datePublished\":\"2019-10-25T10:44:13+00:00\",\"dateModified\":\"2023-11-15T06:40:47+00:00\",\"breadcrumb\":{\"@id\":\"https:\/\/www.gradientti.fi\/en\/contact-us\/#breadcrumb\"},\"inLanguage\":\"en-US\",\"potentialAction\":[{\"@type\":\"ReadAction\",\"target\":[\"https:\/\/www.gradientti.fi\/en\/contact-us\/\"]}]},{\"@type\":\"BreadcrumbList\",\"@id\":\"https:\/\/www.gradientti.fi\/en\/contact-us\/#breadcrumb\",\"itemListElement\":[{\"@type\":\"ListItem\",\"position\":1,\"name\":\"Home\",\"item\":\"https:\/\/www.gradientti.fi\/en\/\"},{\"@type\":\"ListItem\",\"position\":2,\"name\":\"Contact us\"}]},{\"@type\":\"WebSite\",\"@id\":\"https:\/\/www.gradientti.fi\/#website\",\"url\":\"https:\/\/www.gradientti.fi\/\",\"name\":\"Insin\u00f6\u00f6ritoimisto Gradientti Oy\",\"description\":\"Ymp\u00e4rist\u00f6konsultti\",\"publisher\":{\"@id\":\"https:\/\/www.gradientti.fi\/#organization\"},\"potentialAction\":[{\"@type\":\"SearchAction\",\"target\":{\"@type\":\"EntryPoint\",\"urlTemplate\":\"https:\/\/www.gradientti.fi\/?s={search_term_string}\"},\"query-input\":{\"@type\":\"PropertyValueSpecification\",\"valueRequired\":true,\"valueName\":\"search_term_string\"}}],\"inLanguage\":\"en-US\"},{\"@type\":\"Organization\",\"@id\":\"https:\/\/www.gradientti.fi\/#organization\",\"name\":\"Insin\u00f6\u00f6ritoimisto Gradientti Oy\",\"url\":\"https:\/\/www.gradientti.fi\/\",\"logo\":{\"@type\":\"ImageObject\",\"inLanguage\":\"en-US\",\"@id\":\"https:\/\/www.gradientti.fi\/#\/schema\/logo\/image\/\",\"url\":\"https:\/\/www.gradientti.fi\/wp-content\/uploads\/2019\/10\/insinooritoimisto-gradientti-logo.png\",\"contentUrl\":\"https:\/\/www.gradientti.fi\/wp-content\/uploads\/2019\/10\/insinooritoimisto-gradientti-logo.png\",\"width\":322,\"height\":63,\"caption\":\"Insin\u00f6\u00f6ritoimisto Gradientti Oy\"},\"image\":{\"@id\":\"https:\/\/www.gradientti.fi\/#\/schema\/logo\/image\/\"}}]}<\/script>\n<!-- \/ Yoast SEO plugin. -->","yoast_head_json":{"title":"Contact us - Insin\u00f6\u00f6ritoimisto Gradientti Oy","robots":{"index":"index","follow":"follow","max-snippet":"max-snippet:-1","max-image-preview":"max-image-preview:large","max-video-preview":"max-video-preview:-1"},"canonical":"https:\/\/www.gradientti.fi\/en\/contact-us\/","og_locale":"en_US","og_type":"article","og_title":"Contact us - Insin\u00f6\u00f6ritoimisto Gradientti Oy","og_url":"https:\/\/www.gradientti.fi\/en\/contact-us\/","og_site_name":"Insin\u00f6\u00f6ritoimisto Gradientti Oy","article_modified_time":"2023-11-15T06:40:47+00:00","twitter_card":"summary_large_image","twitter_misc":{"Est. reading time":"1 minute"},"schema":{"@context":"https:\/\/schema.org","@graph":[{"@type":"WebPage","@id":"https:\/\/www.gradientti.fi\/en\/contact-us\/","url":"https:\/\/www.gradientti.fi\/en\/contact-us\/","name":"Contact us - Insin\u00f6\u00f6ritoimisto Gradientti Oy","isPartOf":{"@id":"https:\/\/www.gradientti.fi\/#website"},"datePublished":"2019-10-25T10:44:13+00:00","dateModified":"2023-11-15T06:40:47+00:00","breadcrumb":{"@id":"https:\/\/www.gradientti.fi\/en\/contact-us\/#breadcrumb"},"inLanguage":"en-US","potentialAction":[{"@type":"ReadAction","target":["https:\/\/www.gradientti.fi\/en\/contact-us\/"]}]},{"@type":"BreadcrumbList","@id":"https:\/\/www.gradientti.fi\/en\/contact-us\/#breadcrumb","itemListElement":[{"@type":"ListItem","position":1,"name":"Home","item":"https:\/\/www.gradientti.fi\/en\/"},{"@type":"ListItem","position":2,"name":"Contact us"}]},{"@type":"WebSite","@id":"https:\/\/www.gradientti.fi\/#website","url":"https:\/\/www.gradientti.fi\/","name":"Insin\u00f6\u00f6ritoimisto Gradientti Oy","description":"Ymp\u00e4rist\u00f6konsultti","publisher":{"@id":"https:\/\/www.gradientti.fi\/#organization"},"potentialAction":[{"@type":"SearchAction","target":{"@type":"EntryPoint","urlTemplate":"https:\/\/www.gradientti.fi\/?s={search_term_string}"},"query-input":{"@type":"PropertyValueSpecification","valueRequired":true,"valueName":"search_term_string"}}],"inLanguage":"en-US"},{"@type":"Organization","@id":"https:\/\/www.gradientti.fi\/#organization","name":"Insin\u00f6\u00f6ritoimisto Gradientti Oy","url":"https:\/\/www.gradientti.fi\/","logo":{"@type":"ImageObject","inLanguage":"en-US","@id":"https:\/\/www.gradientti.fi\/#\/schema\/logo\/image\/","url":"https:\/\/www.gradientti.fi\/wp-content\/uploads\/2019\/10\/insinooritoimisto-gradientti-logo.png","contentUrl":"https:\/\/www.gradientti.fi\/wp-content\/uploads\/2019\/10\/insinooritoimisto-gradientti-logo.png","width":322,"height":63,"caption":"Insin\u00f6\u00f6ritoimisto Gradientti Oy"},"image":{"@id":"https:\/\/www.gradientti.fi\/#\/schema\/logo\/image\/"}}]}},"_links":{"self":[{"href":"https:\/\/www.gradientti.fi\/en\/wp-json\/wp\/v2\/pages\/574","targetHints":{"allow":["GET"]}}],"collection":[{"href":"https:\/\/www.gradientti.fi\/en\/wp-json\/wp\/v2\/pages"}],"about":[{"href":"https:\/\/www.gradientti.fi\/en\/wp-json\/wp\/v2\/types\/page"}],"author":[{"embeddable":true,"href":"https:\/\/www.gradientti.fi\/en\/wp-json\/wp\/v2\/users\/1"}],"replies":[{"embeddable":true,"href":"https:\/\/www.gradientti.fi\/en\/wp-json\/wp\/v2\/comments?post=574"}],"version-history":[{"count":35,"href":"https:\/\/www.gradientti.fi\/en\/wp-json\/wp\/v2\/pages\/574\/revisions"}],"predecessor-version":[{"id":1639,"href":"https:\/\/www.gradientti.fi\/en\/wp-json\/wp\/v2\/pages\/574\/revisions\/1639"}],"wp:attachment":[{"href":"https:\/\/www.gradientti.fi\/en\/wp-json\/wp\/v2\/media?parent=574"}],"curies":[{"name":"wp","href":"https:\/\/api.w.org\/{rel}","templated":true}]}}