{"id":459,"date":"2019-10-25T12:22:34","date_gmt":"2019-10-25T09:22:34","guid":{"rendered":"http:\/\/gradientti.www-6.cloudcenter.fi\/?page_id=459"},"modified":"2023-08-25T13:00:48","modified_gmt":"2023-08-25T10:00:48","slug":"services","status":"publish","type":"page","link":"https:\/\/www.gradientti.fi\/fr\/services\/","title":{"rendered":"Services"},"content":{"rendered":"\n\t<section class=\"section dark\" id=\"section_1775787364\">\n\t\t<div class=\"section-bg fill\" >\n\t\t\t<img loading=\"lazy\" decoding=\"async\" width=\"1140\" height=\"349\" src=\"https:\/\/www.gradientti.fi\/wp-content\/uploads\/2019\/10\/gradientti_palvelut_01.jpg\" class=\"bg attachment- size-\" alt=\"Insin\u00f6\u00f6ritoimisto Gradientti tarjoaa asiakkaan tarpeen mukaan r\u00e4\u00e4t\u00e4l\u00f6ityj\u00e4 kokonaisvaltaisia ymp\u00e4rist\u00f6alan konsultointi- ja asiantuntijapalveluita. Palvelemme asiakkaitamme innolla ja m\u00e4\u00e4r\u00e4tietoisesti. Autamme asiakkaitamme v\u00e4hent\u00e4m\u00e4\u00e4n haitallisia ymp\u00e4rist\u00f6vaikutuksia ja selviytym\u00e4\u00e4n helpommin byrokratiasta. Tarjoamme asiakkaillemme ainoastaan sellaista palvelua, mit\u00e4 he tarvitsevat saavuttaakseen p\u00e4\u00e4m\u00e4\u00e4r\u00e4ns\u00e4.\" \/>\t\t\t\t\t\t\n\t\t\t\n\n\t\t<\/div>\n\n\t\t\n\n\t\t<div class=\"section-content relative\">\n\t\t\t\n<div class=\"row align-middle align-center\"  id=\"row-373393430\">\n\n\t<div id=\"col-1121098094\" class=\"col small-12 large-12\"  >\n\t\t\t\t<div class=\"col-inner text-center\"  >\n\t\t\t\n\t\t\t\n\t\t<\/div>\n\t\t\t\t\t<\/div>\n\n\t\n<\/div>\n\t\t<\/div>\n\n\t\t\n<style>\n#section_1775787364 {\n  padding-top: 30px;\n  padding-bottom: 30px;\n  min-height: 350px;\n}\n<\/style>\n\t<\/section>\n\t\n<div class=\"row\"  id=\"row-2079140301\">\n\n\t<div id=\"col-1854561232\" class=\"col medium-4 small-12 large-4\"  >\n\t\t\t\t<div class=\"col-inner\"  >\n\t\t\t\n\t\t\t\n<h1>Services<\/h1>\n\t\t<\/div>\n\t\t\t\t\t<\/div>\n\n\t\n\n\t<div id=\"col-1789213123\" class=\"col medium-8 small-12 large-8\"  >\n\t\t\t\t<div class=\"col-inner\"  >\n\t\t\t\n\t\t\t\n<p>Nous fournissons une expertise compl\u00e8te dans les d\u00e9fis et les opportunit\u00e9s li\u00e9s \u00e0 l\u2019environnement. Nos op\u00e9rations sont bas\u00e9es sur l\u2019expertise dans le domaine, sur une longue exp\u00e9rience et sur l\u2019utilisation efficace du r\u00e9seau d\u2019experts environnementaux.<\/p>\n\t\t<\/div>\n\t\t\t\t\t<\/div>\n\n\t\n<\/div>\n<div class=\"row\"  id=\"row-1825659174\">\n\n\t<div id=\"col-1578434901\" class=\"col medium-6 small-12 large-4\"  >\n\t\t\t\t<div class=\"col-inner\"  >\n\t\t\t\n\t\t\t\n\t<div class=\"box has-hover   has-hover box-text-bottom\" >\n\n\t\t<div class=\"box-image\" >\n\t\t\t<a href=\"\/fr\/services\/recyclage-et-materiaux-renouvelables\/\" >\t\t\t<div class=\"image-zoom\" >\n\t\t\t\t<img loading=\"lazy\" decoding=\"async\" width=\"1140\" height=\"349\" src=\"https:\/\/www.gradientti.fi\/wp-content\/uploads\/2019\/10\/gradientti_kierratys_fr.jpg\" class=\"attachment- size-\" alt=\"\" srcset=\"https:\/\/www.gradientti.fi\/wp-content\/uploads\/2019\/10\/gradientti_kierratys_fr.jpg 1140w, https:\/\/www.gradientti.fi\/wp-content\/uploads\/2019\/10\/gradientti_kierratys_fr-300x92.jpg 300w, https:\/\/www.gradientti.fi\/wp-content\/uploads\/2019\/10\/gradientti_kierratys_fr-768x235.jpg 768w, https:\/\/www.gradientti.fi\/wp-content\/uploads\/2019\/10\/gradientti_kierratys_fr-1024x313.jpg 1024w\" sizes=\"auto, (max-width: 1140px) 100vw, 1140px\" \/>\t\t\t\t\t\t\t\t\t\t\t<\/div>\n\t\t\t<\/a>\t\t<\/div>\n\n\t\t<div class=\"box-text text-left\" style=\"background-color:rgb(233, 236, 245);padding:10px 25px 10px 25px;\">\n\t\t\t<div class=\"box-text-inner\">\n\t\t\t\t\n<h2><a href=\"\/fr\/services\/recyclage-et-materiaux-renouvelables\/\">Recyclage et mat\u00e9riaux renouvelables<\/a><\/h2>\n<p>Nous voulons \u00eatre votre partenaire pour vous aider \u00e0 d\u00e9velopper une activit\u00e9 durable et \u00e9conomiquement viable \u00e0 long terme. Avec une longue exp\u00e9rience de recyclage et une connaissance du march\u00e9 mondial des mati\u00e8res premi\u00e8res secondaires nous pouvons vous aider \u00e0 \u00e9lever votre entreprise \u00e0 un nouveau niveau.<\/p>\n<a href=\"\/fr\/services\/recyclage-et-materiaux-renouvelables\/\" class=\"button secondary reveal-icon\"  >\n\t\t<span>En savoir plus<\/span>\n\t<i class=\"icon-angle-right\" aria-hidden=\"true\" ><\/i><\/a>\n\n\t\t\t<\/div>\n\t\t<\/div>\n\t<\/div>\n\t\n\t\t<\/div>\n\t\t\t\t\t<\/div>\n\n\t\n\n\t<div id=\"col-587731212\" class=\"col medium-6 small-12 large-4\"  >\n\t\t\t\t<div class=\"col-inner\"  >\n\t\t\t\n\t\t\t\n\t<div class=\"box has-hover   has-hover box-text-bottom\" >\n\n\t\t<div class=\"box-image\" >\n\t\t\t<a href=\"\/fr\/services\/gestion-des-dechets\/\" >\t\t\t<div class=\"image-zoom\" >\n\t\t\t\t<img loading=\"lazy\" decoding=\"async\" width=\"1140\" height=\"349\" src=\"https:\/\/www.gradientti.fi\/wp-content\/uploads\/2019\/10\/gradientti_jatehuolto_fr.jpg\" class=\"attachment- size-\" alt=\"\" srcset=\"https:\/\/www.gradientti.fi\/wp-content\/uploads\/2019\/10\/gradientti_jatehuolto_fr.jpg 1140w, https:\/\/www.gradientti.fi\/wp-content\/uploads\/2019\/10\/gradientti_jatehuolto_fr-300x92.jpg 300w, https:\/\/www.gradientti.fi\/wp-content\/uploads\/2019\/10\/gradientti_jatehuolto_fr-768x235.jpg 768w, https:\/\/www.gradientti.fi\/wp-content\/uploads\/2019\/10\/gradientti_jatehuolto_fr-1024x313.jpg 1024w\" sizes=\"auto, (max-width: 1140px) 100vw, 1140px\" \/>\t\t\t\t\t\t\t\t\t\t\t<\/div>\n\t\t\t<\/a>\t\t<\/div>\n\n\t\t<div class=\"box-text text-left\" style=\"background-color:rgb(233, 236, 245);padding:10px 25px 10px 25px;\">\n\t\t\t<div class=\"box-text-inner\">\n\t\t\t\t\n<h2><a href=\"\/fr\/services\/gestion-des-dechets\/\">Gestion des d\u00e9chets<\/a><\/h2>\n<p>La planification de la gestion des d\u00e9chets est essentielle pour am\u00e9liorer les processus de gestion des d\u00e9chets. Comme une solution pour cela, nous offrons notre aide dans l&rsquo;\u00e9valuation de l&rsquo;\u00e9tat actuel du syst\u00e8me de gestion des d\u00e9chets et de ses besoins de modernisation.<\/p>\n<a href=\"\/fr\/services\/gestion-des-dechets\/\" class=\"button secondary reveal-icon\"  >\n\t\t<span>En savoir plus<\/span>\n\t<i class=\"icon-angle-right\" aria-hidden=\"true\" ><\/i><\/a>\n\n\t\t\t<\/div>\n\t\t<\/div>\n\t<\/div>\n\t\n\t\t<\/div>\n\t\t\t\t\t<\/div>\n\n\t\n\n\t<div id=\"col-1963307071\" class=\"col medium-6 small-12 large-4\"  >\n\t\t\t\t<div class=\"col-inner\"  >\n\t\t\t\n\t\t\t\n\t<div class=\"box has-hover   has-hover box-text-bottom\" >\n\n\t\t<div class=\"box-image\" >\n\t\t\t<a href=\"\/fr\/services\/sites-contamines-et-rehabilitation\/\" >\t\t\t<div class=\"image-zoom\" >\n\t\t\t\t<img loading=\"lazy\" decoding=\"async\" width=\"1140\" height=\"349\" src=\"https:\/\/www.gradientti.fi\/wp-content\/uploads\/2019\/10\/gradientti_pilaantuneetmaat_fr.jpg\" class=\"attachment- size-\" alt=\"\" srcset=\"https:\/\/www.gradientti.fi\/wp-content\/uploads\/2019\/10\/gradientti_pilaantuneetmaat_fr.jpg 1140w, https:\/\/www.gradientti.fi\/wp-content\/uploads\/2019\/10\/gradientti_pilaantuneetmaat_fr-300x92.jpg 300w, https:\/\/www.gradientti.fi\/wp-content\/uploads\/2019\/10\/gradientti_pilaantuneetmaat_fr-768x235.jpg 768w, https:\/\/www.gradientti.fi\/wp-content\/uploads\/2019\/10\/gradientti_pilaantuneetmaat_fr-1024x313.jpg 1024w\" sizes=\"auto, (max-width: 1140px) 100vw, 1140px\" \/>\t\t\t\t\t\t\t\t\t\t\t<\/div>\n\t\t\t<\/a>\t\t<\/div>\n\n\t\t<div class=\"box-text text-left\" style=\"background-color:rgb(233, 236, 245);padding:10px 25px 10px 25px;\">\n\t\t\t<div class=\"box-text-inner\">\n\t\t\t\t\n<h2><a href=\"\/fr\/services\/sites-contamines-et-rehabilitation\/\">Sites contamin\u00e9s et rehabilitation<\/a><\/h2>\n<p>La r\u00e9habilitation des terrains contamin\u00e9s est un processus en plusieurs \u00e9tapes. La comp\u00e9tence de nos sp\u00e9cialistes vous aidera \u00e0 atteindre un r\u00e9sultat rentable et respectueux de l&rsquo;environnement. <\/p>\n<a href=\"\/fr\/services\/sites-contamines-et-rehabilitation\/\" class=\"button secondary reveal-icon\"  >\n\t\t<span>En savoir plus<\/span>\n\t<i class=\"icon-angle-right\" aria-hidden=\"true\" ><\/i><\/a>\n\n\t\t\t<\/div>\n\t\t<\/div>\n\t<\/div>\n\t\n\t\t<\/div>\n\t\t\t\t\t<\/div>\n\n\t\n<\/div>\n","protected":false},"excerpt":{"rendered":"","protected":false},"author":1,"featured_media":0,"parent":0,"menu_order":0,"comment_status":"closed","ping_status":"closed","template":"","meta":{"footnotes":""},"class_list":["post-459","page","type-page","status-publish","hentry"],"yoast_head":"<!-- This site is optimized with the Yoast SEO plugin v24.5 - https:\/\/yoast.com\/wordpress\/plugins\/seo\/ -->\n<title>Services - Insin\u00f6\u00f6ritoimisto Gradientti Oy<\/title>\n<meta name=\"robots\" content=\"index, follow, max-snippet:-1, max-image-preview:large, max-video-preview:-1\" \/>\n<link rel=\"canonical\" href=\"https:\/\/www.gradientti.fi\/fr\/services\/\" \/>\n<meta property=\"og:locale\" content=\"fr_FR\" \/>\n<meta property=\"og:type\" content=\"article\" \/>\n<meta property=\"og:title\" content=\"Services - Insin\u00f6\u00f6ritoimisto Gradientti Oy\" \/>\n<meta property=\"og:url\" content=\"https:\/\/www.gradientti.fi\/fr\/services\/\" \/>\n<meta property=\"og:site_name\" content=\"Insin\u00f6\u00f6ritoimisto Gradientti Oy\" \/>\n<meta property=\"article:modified_time\" content=\"2023-08-25T10:00:48+00:00\" \/>\n<meta name=\"twitter:card\" content=\"summary_large_image\" \/>\n<meta name=\"twitter:label1\" content=\"Dur\u00e9e de lecture estim\u00e9e\" \/>\n\t<meta name=\"twitter:data1\" content=\"2 minutes\" \/>\n<script type=\"application\/ld+json\" class=\"yoast-schema-graph\">{\"@context\":\"https:\/\/schema.org\",\"@graph\":[{\"@type\":\"WebPage\",\"@id\":\"https:\/\/www.gradientti.fi\/fr\/services\/\",\"url\":\"https:\/\/www.gradientti.fi\/fr\/services\/\",\"name\":\"Services - Insin\u00f6\u00f6ritoimisto Gradientti Oy\",\"isPartOf\":{\"@id\":\"https:\/\/www.gradientti.fi\/#website\"},\"datePublished\":\"2019-10-25T09:22:34+00:00\",\"dateModified\":\"2023-08-25T10:00:48+00:00\",\"breadcrumb\":{\"@id\":\"https:\/\/www.gradientti.fi\/fr\/services\/#breadcrumb\"},\"inLanguage\":\"fr-FR\",\"potentialAction\":[{\"@type\":\"ReadAction\",\"target\":[\"https:\/\/www.gradientti.fi\/fr\/services\/\"]}]},{\"@type\":\"BreadcrumbList\",\"@id\":\"https:\/\/www.gradientti.fi\/fr\/services\/#breadcrumb\",\"itemListElement\":[{\"@type\":\"ListItem\",\"position\":1,\"name\":\"Home\",\"item\":\"https:\/\/www.gradientti.fi\/fr\/\"},{\"@type\":\"ListItem\",\"position\":2,\"name\":\"Services\"}]},{\"@type\":\"WebSite\",\"@id\":\"https:\/\/www.gradientti.fi\/#website\",\"url\":\"https:\/\/www.gradientti.fi\/\",\"name\":\"Insin\u00f6\u00f6ritoimisto Gradientti Oy\",\"description\":\"Ymp\u00e4rist\u00f6konsultti\",\"publisher\":{\"@id\":\"https:\/\/www.gradientti.fi\/#organization\"},\"potentialAction\":[{\"@type\":\"SearchAction\",\"target\":{\"@type\":\"EntryPoint\",\"urlTemplate\":\"https:\/\/www.gradientti.fi\/?s={search_term_string}\"},\"query-input\":{\"@type\":\"PropertyValueSpecification\",\"valueRequired\":true,\"valueName\":\"search_term_string\"}}],\"inLanguage\":\"fr-FR\"},{\"@type\":\"Organization\",\"@id\":\"https:\/\/www.gradientti.fi\/#organization\",\"name\":\"Insin\u00f6\u00f6ritoimisto Gradientti Oy\",\"url\":\"https:\/\/www.gradientti.fi\/\",\"logo\":{\"@type\":\"ImageObject\",\"inLanguage\":\"fr-FR\",\"@id\":\"https:\/\/www.gradientti.fi\/#\/schema\/logo\/image\/\",\"url\":\"https:\/\/www.gradientti.fi\/wp-content\/uploads\/2019\/10\/insinooritoimisto-gradientti-logo.png\",\"contentUrl\":\"https:\/\/www.gradientti.fi\/wp-content\/uploads\/2019\/10\/insinooritoimisto-gradientti-logo.png\",\"width\":322,\"height\":63,\"caption\":\"Insin\u00f6\u00f6ritoimisto Gradientti Oy\"},\"image\":{\"@id\":\"https:\/\/www.gradientti.fi\/#\/schema\/logo\/image\/\"}}]}<\/script>\n<!-- \/ Yoast SEO plugin. -->","yoast_head_json":{"title":"Services - Insin\u00f6\u00f6ritoimisto Gradientti Oy","robots":{"index":"index","follow":"follow","max-snippet":"max-snippet:-1","max-image-preview":"max-image-preview:large","max-video-preview":"max-video-preview:-1"},"canonical":"https:\/\/www.gradientti.fi\/fr\/services\/","og_locale":"fr_FR","og_type":"article","og_title":"Services - Insin\u00f6\u00f6ritoimisto Gradientti Oy","og_url":"https:\/\/www.gradientti.fi\/fr\/services\/","og_site_name":"Insin\u00f6\u00f6ritoimisto Gradientti Oy","article_modified_time":"2023-08-25T10:00:48+00:00","twitter_card":"summary_large_image","twitter_misc":{"Dur\u00e9e de lecture estim\u00e9e":"2 minutes"},"schema":{"@context":"https:\/\/schema.org","@graph":[{"@type":"WebPage","@id":"https:\/\/www.gradientti.fi\/fr\/services\/","url":"https:\/\/www.gradientti.fi\/fr\/services\/","name":"Services - Insin\u00f6\u00f6ritoimisto Gradientti Oy","isPartOf":{"@id":"https:\/\/www.gradientti.fi\/#website"},"datePublished":"2019-10-25T09:22:34+00:00","dateModified":"2023-08-25T10:00:48+00:00","breadcrumb":{"@id":"https:\/\/www.gradientti.fi\/fr\/services\/#breadcrumb"},"inLanguage":"fr-FR","potentialAction":[{"@type":"ReadAction","target":["https:\/\/www.gradientti.fi\/fr\/services\/"]}]},{"@type":"BreadcrumbList","@id":"https:\/\/www.gradientti.fi\/fr\/services\/#breadcrumb","itemListElement":[{"@type":"ListItem","position":1,"name":"Home","item":"https:\/\/www.gradientti.fi\/fr\/"},{"@type":"ListItem","position":2,"name":"Services"}]},{"@type":"WebSite","@id":"https:\/\/www.gradientti.fi\/#website","url":"https:\/\/www.gradientti.fi\/","name":"Insin\u00f6\u00f6ritoimisto Gradientti Oy","description":"Ymp\u00e4rist\u00f6konsultti","publisher":{"@id":"https:\/\/www.gradientti.fi\/#organization"},"potentialAction":[{"@type":"SearchAction","target":{"@type":"EntryPoint","urlTemplate":"https:\/\/www.gradientti.fi\/?s={search_term_string}"},"query-input":{"@type":"PropertyValueSpecification","valueRequired":true,"valueName":"search_term_string"}}],"inLanguage":"fr-FR"},{"@type":"Organization","@id":"https:\/\/www.gradientti.fi\/#organization","name":"Insin\u00f6\u00f6ritoimisto Gradientti Oy","url":"https:\/\/www.gradientti.fi\/","logo":{"@type":"ImageObject","inLanguage":"fr-FR","@id":"https:\/\/www.gradientti.fi\/#\/schema\/logo\/image\/","url":"https:\/\/www.gradientti.fi\/wp-content\/uploads\/2019\/10\/insinooritoimisto-gradientti-logo.png","contentUrl":"https:\/\/www.gradientti.fi\/wp-content\/uploads\/2019\/10\/insinooritoimisto-gradientti-logo.png","width":322,"height":63,"caption":"Insin\u00f6\u00f6ritoimisto Gradientti Oy"},"image":{"@id":"https:\/\/www.gradientti.fi\/#\/schema\/logo\/image\/"}}]}},"_links":{"self":[{"href":"https:\/\/www.gradientti.fi\/fr\/wp-json\/wp\/v2\/pages\/459","targetHints":{"allow":["GET"]}}],"collection":[{"href":"https:\/\/www.gradientti.fi\/fr\/wp-json\/wp\/v2\/pages"}],"about":[{"href":"https:\/\/www.gradientti.fi\/fr\/wp-json\/wp\/v2\/types\/page"}],"author":[{"embeddable":true,"href":"https:\/\/www.gradientti.fi\/fr\/wp-json\/wp\/v2\/users\/1"}],"replies":[{"embeddable":true,"href":"https:\/\/www.gradientti.fi\/fr\/wp-json\/wp\/v2\/comments?post=459"}],"version-history":[{"count":4,"href":"https:\/\/www.gradientti.fi\/fr\/wp-json\/wp\/v2\/pages\/459\/revisions"}],"predecessor-version":[{"id":600,"href":"https:\/\/www.gradientti.fi\/fr\/wp-json\/wp\/v2\/pages\/459\/revisions\/600"}],"wp:attachment":[{"href":"https:\/\/www.gradientti.fi\/fr\/wp-json\/wp\/v2\/media?parent=459"}],"curies":[{"name":"wp","href":"https:\/\/api.w.org\/{rel}","templated":true}]}}