{"id":473,"date":"2019-10-25T12:29:11","date_gmt":"2019-10-25T09:29:11","guid":{"rendered":"http:\/\/gradientti.www-6.cloudcenter.fi\/?page_id=473"},"modified":"2023-08-25T13:00:48","modified_gmt":"2023-08-25T10:00:48","slug":"contactez-nous","status":"publish","type":"page","link":"https:\/\/www.gradientti.fi\/fr\/contactez-nous\/","title":{"rendered":"Contactez-nous"},"content":{"rendered":"\n\t<section class=\"section dark\" id=\"section_1384478701\">\n\t\t<div class=\"section-bg fill\" >\n\t\t\t<img loading=\"lazy\" decoding=\"async\" width=\"1140\" height=\"349\" src=\"https:\/\/www.gradientti.fi\/wp-content\/uploads\/2019\/10\/gradientti_yhteystiedot_01_fr.jpg\" class=\"bg attachment-original size-original\" alt=\"\" \/>\t\t\t\t\t\t\n\t\t\t\n\n\t\t<\/div>\n\n\t\t\n\n\t\t<div class=\"section-content relative\">\n\t\t\t\n<div class=\"row align-middle align-center\"  id=\"row-176265626\">\n\n\t<div id=\"col-1459315096\" class=\"col small-12 large-12\"  >\n\t\t\t\t<div class=\"col-inner text-center\"  >\n\t\t\t\n\t\t\t\n\t\t<\/div>\n\t\t\t\t\t<\/div>\n\n\t\n<\/div>\n\t\t<\/div>\n\n\t\t\n<style>\n#section_1384478701 {\n  padding-top: 30px;\n  padding-bottom: 30px;\n  min-height: 350px;\n}\n<\/style>\n\t<\/section>\n\t\n<div class=\"row\"  id=\"row-79242970\">\n\n\t<div id=\"col-189452460\" class=\"col small-12 large-12\"  >\n\t\t\t\t<div class=\"col-inner\"  >\n\t\t\t\n\t\t\t\n<h1>Contactez-nous<\/h1>\n\t\t<\/div>\n\t\t\t\t\t<\/div>\n\n\t\n\n\t<div id=\"col-932727598\" class=\"col medium-6 small-12 large-6\"  >\n\t\t\t\t<div class=\"col-inner\"  >\n\t\t\t\n\t\t\t\n<h2>Insin\u00f6\u00f6ritoimisto Gradientti Oy<\/h2>\n<p>Ahjokatu 4 A, FI-15800 Lahti<\/p>\n<p>Email: info[at]gradientti.fi<\/p>\n\t\t<\/div>\n\t\t\t\t\t<\/div>\n\n\t\n<\/div>\n","protected":false},"excerpt":{"rendered":"","protected":false},"author":1,"featured_media":0,"parent":0,"menu_order":0,"comment_status":"closed","ping_status":"closed","template":"","meta":{"footnotes":""},"class_list":["post-473","page","type-page","status-publish","hentry"],"yoast_head":"<!-- This site is optimized with the Yoast SEO plugin v24.5 - https:\/\/yoast.com\/wordpress\/plugins\/seo\/ -->\n<title>Contactez-nous - Insin\u00f6\u00f6ritoimisto Gradientti Oy<\/title>\n<meta name=\"robots\" content=\"index, follow, max-snippet:-1, max-image-preview:large, max-video-preview:-1\" \/>\n<link rel=\"canonical\" href=\"https:\/\/www.gradientti.fi\/fr\/contactez-nous\/\" \/>\n<meta property=\"og:locale\" content=\"fr_FR\" \/>\n<meta property=\"og:type\" content=\"article\" \/>\n<meta property=\"og:title\" content=\"Contactez-nous - Insin\u00f6\u00f6ritoimisto Gradientti Oy\" \/>\n<meta property=\"og:url\" content=\"https:\/\/www.gradientti.fi\/fr\/contactez-nous\/\" \/>\n<meta property=\"og:site_name\" content=\"Insin\u00f6\u00f6ritoimisto Gradientti Oy\" \/>\n<meta property=\"article:modified_time\" content=\"2023-08-25T10:00:48+00:00\" \/>\n<meta name=\"twitter:card\" content=\"summary_large_image\" \/>\n<script type=\"application\/ld+json\" class=\"yoast-schema-graph\">{\"@context\":\"https:\/\/schema.org\",\"@graph\":[{\"@type\":\"WebPage\",\"@id\":\"https:\/\/www.gradientti.fi\/fr\/contactez-nous\/\",\"url\":\"https:\/\/www.gradientti.fi\/fr\/contactez-nous\/\",\"name\":\"Contactez-nous - Insin\u00f6\u00f6ritoimisto Gradientti Oy\",\"isPartOf\":{\"@id\":\"https:\/\/www.gradientti.fi\/#website\"},\"datePublished\":\"2019-10-25T09:29:11+00:00\",\"dateModified\":\"2023-08-25T10:00:48+00:00\",\"breadcrumb\":{\"@id\":\"https:\/\/www.gradientti.fi\/fr\/contactez-nous\/#breadcrumb\"},\"inLanguage\":\"fr-FR\",\"potentialAction\":[{\"@type\":\"ReadAction\",\"target\":[\"https:\/\/www.gradientti.fi\/fr\/contactez-nous\/\"]}]},{\"@type\":\"BreadcrumbList\",\"@id\":\"https:\/\/www.gradientti.fi\/fr\/contactez-nous\/#breadcrumb\",\"itemListElement\":[{\"@type\":\"ListItem\",\"position\":1,\"name\":\"Home\",\"item\":\"https:\/\/www.gradientti.fi\/fr\/\"},{\"@type\":\"ListItem\",\"position\":2,\"name\":\"Contactez-nous\"}]},{\"@type\":\"WebSite\",\"@id\":\"https:\/\/www.gradientti.fi\/#website\",\"url\":\"https:\/\/www.gradientti.fi\/\",\"name\":\"Insin\u00f6\u00f6ritoimisto Gradientti Oy\",\"description\":\"Ymp\u00e4rist\u00f6konsultti\",\"publisher\":{\"@id\":\"https:\/\/www.gradientti.fi\/#organization\"},\"potentialAction\":[{\"@type\":\"SearchAction\",\"target\":{\"@type\":\"EntryPoint\",\"urlTemplate\":\"https:\/\/www.gradientti.fi\/?s={search_term_string}\"},\"query-input\":{\"@type\":\"PropertyValueSpecification\",\"valueRequired\":true,\"valueName\":\"search_term_string\"}}],\"inLanguage\":\"fr-FR\"},{\"@type\":\"Organization\",\"@id\":\"https:\/\/www.gradientti.fi\/#organization\",\"name\":\"Insin\u00f6\u00f6ritoimisto Gradientti Oy\",\"url\":\"https:\/\/www.gradientti.fi\/\",\"logo\":{\"@type\":\"ImageObject\",\"inLanguage\":\"fr-FR\",\"@id\":\"https:\/\/www.gradientti.fi\/#\/schema\/logo\/image\/\",\"url\":\"https:\/\/www.gradientti.fi\/wp-content\/uploads\/2019\/10\/insinooritoimisto-gradientti-logo.png\",\"contentUrl\":\"https:\/\/www.gradientti.fi\/wp-content\/uploads\/2019\/10\/insinooritoimisto-gradientti-logo.png\",\"width\":322,\"height\":63,\"caption\":\"Insin\u00f6\u00f6ritoimisto Gradientti Oy\"},\"image\":{\"@id\":\"https:\/\/www.gradientti.fi\/#\/schema\/logo\/image\/\"}}]}<\/script>\n<!-- \/ Yoast SEO plugin. -->","yoast_head_json":{"title":"Contactez-nous - Insin\u00f6\u00f6ritoimisto Gradientti Oy","robots":{"index":"index","follow":"follow","max-snippet":"max-snippet:-1","max-image-preview":"max-image-preview:large","max-video-preview":"max-video-preview:-1"},"canonical":"https:\/\/www.gradientti.fi\/fr\/contactez-nous\/","og_locale":"fr_FR","og_type":"article","og_title":"Contactez-nous - Insin\u00f6\u00f6ritoimisto Gradientti Oy","og_url":"https:\/\/www.gradientti.fi\/fr\/contactez-nous\/","og_site_name":"Insin\u00f6\u00f6ritoimisto Gradientti Oy","article_modified_time":"2023-08-25T10:00:48+00:00","twitter_card":"summary_large_image","schema":{"@context":"https:\/\/schema.org","@graph":[{"@type":"WebPage","@id":"https:\/\/www.gradientti.fi\/fr\/contactez-nous\/","url":"https:\/\/www.gradientti.fi\/fr\/contactez-nous\/","name":"Contactez-nous - Insin\u00f6\u00f6ritoimisto Gradientti Oy","isPartOf":{"@id":"https:\/\/www.gradientti.fi\/#website"},"datePublished":"2019-10-25T09:29:11+00:00","dateModified":"2023-08-25T10:00:48+00:00","breadcrumb":{"@id":"https:\/\/www.gradientti.fi\/fr\/contactez-nous\/#breadcrumb"},"inLanguage":"fr-FR","potentialAction":[{"@type":"ReadAction","target":["https:\/\/www.gradientti.fi\/fr\/contactez-nous\/"]}]},{"@type":"BreadcrumbList","@id":"https:\/\/www.gradientti.fi\/fr\/contactez-nous\/#breadcrumb","itemListElement":[{"@type":"ListItem","position":1,"name":"Home","item":"https:\/\/www.gradientti.fi\/fr\/"},{"@type":"ListItem","position":2,"name":"Contactez-nous"}]},{"@type":"WebSite","@id":"https:\/\/www.gradientti.fi\/#website","url":"https:\/\/www.gradientti.fi\/","name":"Insin\u00f6\u00f6ritoimisto Gradientti Oy","description":"Ymp\u00e4rist\u00f6konsultti","publisher":{"@id":"https:\/\/www.gradientti.fi\/#organization"},"potentialAction":[{"@type":"SearchAction","target":{"@type":"EntryPoint","urlTemplate":"https:\/\/www.gradientti.fi\/?s={search_term_string}"},"query-input":{"@type":"PropertyValueSpecification","valueRequired":true,"valueName":"search_term_string"}}],"inLanguage":"fr-FR"},{"@type":"Organization","@id":"https:\/\/www.gradientti.fi\/#organization","name":"Insin\u00f6\u00f6ritoimisto Gradientti Oy","url":"https:\/\/www.gradientti.fi\/","logo":{"@type":"ImageObject","inLanguage":"fr-FR","@id":"https:\/\/www.gradientti.fi\/#\/schema\/logo\/image\/","url":"https:\/\/www.gradientti.fi\/wp-content\/uploads\/2019\/10\/insinooritoimisto-gradientti-logo.png","contentUrl":"https:\/\/www.gradientti.fi\/wp-content\/uploads\/2019\/10\/insinooritoimisto-gradientti-logo.png","width":322,"height":63,"caption":"Insin\u00f6\u00f6ritoimisto Gradientti Oy"},"image":{"@id":"https:\/\/www.gradientti.fi\/#\/schema\/logo\/image\/"}}]}},"_links":{"self":[{"href":"https:\/\/www.gradientti.fi\/fr\/wp-json\/wp\/v2\/pages\/473","targetHints":{"allow":["GET"]}}],"collection":[{"href":"https:\/\/www.gradientti.fi\/fr\/wp-json\/wp\/v2\/pages"}],"about":[{"href":"https:\/\/www.gradientti.fi\/fr\/wp-json\/wp\/v2\/types\/page"}],"author":[{"embeddable":true,"href":"https:\/\/www.gradientti.fi\/fr\/wp-json\/wp\/v2\/users\/1"}],"replies":[{"embeddable":true,"href":"https:\/\/www.gradientti.fi\/fr\/wp-json\/wp\/v2\/comments?post=473"}],"version-history":[{"count":8,"href":"https:\/\/www.gradientti.fi\/fr\/wp-json\/wp\/v2\/pages\/473\/revisions"}],"predecessor-version":[{"id":1214,"href":"https:\/\/www.gradientti.fi\/fr\/wp-json\/wp\/v2\/pages\/473\/revisions\/1214"}],"wp:attachment":[{"href":"https:\/\/www.gradientti.fi\/fr\/wp-json\/wp\/v2\/media?parent=473"}],"curies":[{"name":"wp","href":"https:\/\/api.w.org\/{rel}","templated":true}]}}