{"id":527,"date":"2019-10-25T13:00:22","date_gmt":"2019-10-25T10:00:22","guid":{"rendered":"http:\/\/gradientti.www-6.cloudcenter.fi\/?page_id=527"},"modified":"2023-08-25T13:01:13","modified_gmt":"2023-08-25T10:01:13","slug":"%d1%83%d1%81%d0%bb%d1%83%d0%b3%d0%b8","status":"publish","type":"page","link":"https:\/\/www.gradientti.fi\/ru\/%d1%83%d1%81%d0%bb%d1%83%d0%b3%d0%b8\/","title":{"rendered":"\u0423\u0441\u043b\u0443\u0433\u0438"},"content":{"rendered":"\n\t<section class=\"section dark\" id=\"section_264862857\">\n\t\t<div class=\"section-bg fill\" >\n\t\t\t<img loading=\"lazy\" decoding=\"async\" width=\"1140\" height=\"349\" src=\"https:\/\/www.gradientti.fi\/wp-content\/uploads\/2019\/10\/gradientti_palvelut_01.jpg\" class=\"bg attachment- size-\" alt=\"Insin\u00f6\u00f6ritoimisto Gradientti tarjoaa asiakkaan tarpeen mukaan r\u00e4\u00e4t\u00e4l\u00f6ityj\u00e4 kokonaisvaltaisia ymp\u00e4rist\u00f6alan konsultointi- ja asiantuntijapalveluita. Palvelemme asiakkaitamme innolla ja m\u00e4\u00e4r\u00e4tietoisesti. Autamme asiakkaitamme v\u00e4hent\u00e4m\u00e4\u00e4n haitallisia ymp\u00e4rist\u00f6vaikutuksia ja selviytym\u00e4\u00e4n helpommin byrokratiasta. Tarjoamme asiakkaillemme ainoastaan sellaista palvelua, mit\u00e4 he tarvitsevat saavuttaakseen p\u00e4\u00e4m\u00e4\u00e4r\u00e4ns\u00e4.\" \/>\t\t\t\t\t\t\n\t\t\t\n\n\t\t<\/div>\n\n\t\t\n\n\t\t<div class=\"section-content relative\">\n\t\t\t\n<div class=\"row align-middle align-center\"  id=\"row-444130201\">\n\n\t<div id=\"col-228925522\" class=\"col small-12 large-12\"  >\n\t\t\t\t<div class=\"col-inner text-center\"  >\n\t\t\t\n\t\t\t\n\t\t<\/div>\n\t\t\t\t\t<\/div>\n\n\t\n<\/div>\n\t\t<\/div>\n\n\t\t\n<style>\n#section_264862857 {\n  padding-top: 30px;\n  padding-bottom: 30px;\n  min-height: 350px;\n}\n<\/style>\n\t<\/section>\n\t\n<div class=\"row\"  id=\"row-1095194957\">\n\n\t<div id=\"col-325161134\" class=\"col medium-4 small-12 large-4\"  >\n\t\t\t\t<div class=\"col-inner\"  >\n\t\t\t\n\t\t\t\n<h1>\u0421\u0435\u0440\u0432\u0438\u0441\u044b<\/h1>\n\t\t<\/div>\n\t\t\t\t\t<\/div>\n\n\t\n\n\t<div id=\"col-1233559237\" class=\"col medium-8 small-12 large-8\"  >\n\t\t\t\t<div class=\"col-inner\"  >\n\t\t\t\n\t\t\t\n\t\t<\/div>\n\t\t\t\t\t<\/div>\n\n\t\n<\/div>\n<div class=\"row\"  id=\"row-138600017\">\n\n\t<div id=\"col-1646229160\" class=\"col medium-6 small-12 large-4\"  >\n\t\t\t\t<div class=\"col-inner\"  >\n\t\t\t\n\t\t\t\n\t<div class=\"box has-hover   has-hover box-text-bottom\" >\n\n\t\t<div class=\"box-image\" >\n\t\t\t<a href=\"\/ru\/\u0441\u0435\u0440\u0432\u0438\u0441\u044b\/\u043c\u043e\u0434\u0435\u0440\u043d\u0438\u0437\u0430\u0446\u0438\u044f-\u0441\u0438\u0441\u0442\u0435\u043c\u044b-\u0443\u043f\u0440\u0430\u0432\u043b\u0435\u043d\u0438\u044f-\u043e\u0442\u0445\/\" >\t\t\t<div class=\"image-zoom image-cover\" style=\"padding-top:50%;\">\n\t\t\t\t<img loading=\"lazy\" decoding=\"async\" width=\"1879\" height=\"658\" src=\"https:\/\/www.gradientti.fi\/wp-content\/uploads\/2019\/10\/gradientti_kierratys_ru.jpg\" class=\"attachment- size-\" alt=\"\" srcset=\"https:\/\/www.gradientti.fi\/wp-content\/uploads\/2019\/10\/gradientti_kierratys_ru.jpg 1879w, https:\/\/www.gradientti.fi\/wp-content\/uploads\/2019\/10\/gradientti_kierratys_ru-300x105.jpg 300w, https:\/\/www.gradientti.fi\/wp-content\/uploads\/2019\/10\/gradientti_kierratys_ru-768x269.jpg 768w, https:\/\/www.gradientti.fi\/wp-content\/uploads\/2019\/10\/gradientti_kierratys_ru-1024x359.jpg 1024w\" sizes=\"auto, (max-width: 1879px) 100vw, 1879px\" \/>\t\t\t\t\t\t\t\t\t\t\t<\/div>\n\t\t\t<\/a>\t\t<\/div>\n\n\t\t<div class=\"box-text text-left\" style=\"background-color:rgb(233, 236, 245);padding:10px 25px 10px 25px;\">\n\t\t\t<div class=\"box-text-inner\">\n\t\t\t\t\n<h2><a href=\"\/ru\/\u0441\u0435\u0440\u0432\u0438\u0441\u044b\/\u043c\u043e\u0434\u0435\u0440\u043d\u0438\u0437\u0430\u0446\u0438\u044f-\u0441\u0438\u0441\u0442\u0435\u043c\u044b-\u0443\u043f\u0440\u0430\u0432\u043b\u0435\u043d\u0438\u044f-\u043e\u0442\u0445\/\">\u042d\u0424\u0424\u0415\u041a\u0422\u0418\u0412\u041d\u0410\u042f \u0421\u0418\u0421\u0422\u0415\u041c\u0410 \u0423\u041f\u0420\u0410\u0412\u041b\u0415\u041d\u0418\u042f \u041e\u0422\u0425\u041e\u0414\u0410\u041c\u0418<\/a><\/h2>\n<a href=\"\/ru\/\u0441\u0435\u0440\u0432\u0438\u0441\u044b\/\u043c\u043e\u0434\u0435\u0440\u043d\u0438\u0437\u0430\u0446\u0438\u044f-\u0441\u0438\u0441\u0442\u0435\u043c\u044b-\u0443\u043f\u0440\u0430\u0432\u043b\u0435\u043d\u0438\u044f-\u043e\u0442\u0445\/\" class=\"button secondary reveal-icon\"  >\n\t\t<span>\u0427\u0438\u0442\u0430\u0442\u044c \u0434\u0430\u043b\u0435\u0435<\/span>\n\t<i class=\"icon-angle-right\" aria-hidden=\"true\" ><\/i><\/a>\n\n\t\t\t<\/div>\n\t\t<\/div>\n\t<\/div>\n\t\n\t\t<\/div>\n\t\t\t\t\t<\/div>\n\n\t\n\n\t<div id=\"col-93456222\" class=\"col medium-6 small-12 large-4\"  >\n\t\t\t\t<div class=\"col-inner\"  >\n\t\t\t\n\t\t\t\n\t<div class=\"box has-hover   has-hover box-text-bottom\" >\n\n\t\t<div class=\"box-image\" >\n\t\t\t<a href=\"\/ru\/\u0441\u0435\u0440\u0432\u0438\u0441\u044b\/\u0432\u0442\u043e\u0440\u0438\u0447\u043d\u044b\u0435-\u043c\u0430\u0442\u0435\u0440\u0438\u0430\u043b\u044c\u043d\u044b\u0435-\u0440\u0435\u0441\u0443\u0440\u0441\u044b\/\" >\t\t\t<div class=\"image-zoom image-cover\" style=\"padding-top:50%;\">\n\t\t\t\t<img loading=\"lazy\" decoding=\"async\" width=\"1140\" height=\"349\" src=\"https:\/\/www.gradientti.fi\/wp-content\/uploads\/2019\/10\/gradientti_russian_03.jpg\" class=\"attachment- size-\" alt=\"\" srcset=\"https:\/\/www.gradientti.fi\/wp-content\/uploads\/2019\/10\/gradientti_russian_03.jpg 1140w, https:\/\/www.gradientti.fi\/wp-content\/uploads\/2019\/10\/gradientti_russian_03-300x92.jpg 300w, https:\/\/www.gradientti.fi\/wp-content\/uploads\/2019\/10\/gradientti_russian_03-768x235.jpg 768w, https:\/\/www.gradientti.fi\/wp-content\/uploads\/2019\/10\/gradientti_russian_03-1024x313.jpg 1024w\" sizes=\"auto, (max-width: 1140px) 100vw, 1140px\" \/>\t\t\t\t\t\t\t\t\t\t\t<\/div>\n\t\t\t<\/a>\t\t<\/div>\n\n\t\t<div class=\"box-text text-left\" style=\"background-color:rgb(233, 236, 245);padding:10px 25px 10px 25px;\">\n\t\t\t<div class=\"box-text-inner\">\n\t\t\t\t\n<h2><a href=\"\/ru\/\u0441\u0435\u0440\u0432\u0438\u0441\u044b\/\u0432\u0442\u043e\u0440\u0438\u0447\u043d\u044b\u0435-\u043c\u0430\u0442\u0435\u0440\u0438\u0430\u043b\u044c\u043d\u044b\u0435-\u0440\u0435\u0441\u0443\u0440\u0441\u044b\/\">\u0412\u0422\u041e\u0420\u0418\u0427\u041d\u042b\u0415 \u041c\u0410\u0422\u0415\u0420\u0418\u0410\u041b\u042c\u041d\u042b\u0415 \u0420\u0415\u0421\u0423\u0420\u0421\u042b <\/a><\/h2>\n<a href=\"\/ru\/\u0441\u0435\u0440\u0432\u0438\u0441\u044b\/\u0432\u0442\u043e\u0440\u0438\u0447\u043d\u044b\u0435-\u043c\u0430\u0442\u0435\u0440\u0438\u0430\u043b\u044c\u043d\u044b\u0435-\u0440\u0435\u0441\u0443\u0440\u0441\u044b\/\" class=\"button secondary reveal-icon\"  >\n\t\t<span>\u0427\u0438\u0442\u0430\u0442\u044c \u0434\u0430\u043b\u0435\u0435<\/span>\n\t<i class=\"icon-angle-right\" aria-hidden=\"true\" ><\/i><\/a>\n\n\t\t\t<\/div>\n\t\t<\/div>\n\t<\/div>\n\t\n\t\t<\/div>\n\t\t\t\t\t<\/div>\n\n\t\n\n\t<div id=\"col-532311396\" class=\"col medium-6 small-12 large-4\"  >\n\t\t\t\t<div class=\"col-inner\"  >\n\t\t\t\n\t\t\t\n\t<div class=\"box has-hover   has-hover box-text-bottom\" >\n\n\t\t<div class=\"box-image\" >\n\t\t\t<a href=\"\/ru\/\u0441\u0435\u0440\u0432\u0438\u0441\u044b\/\u044d\u043a\u0441\u043f\u0435\u0440\u0442\u043d\u044b\u0435-\u0443\u0441\u043b\u0443\u0433\u0438-\u0432-\u043e\u0431\u043b\u0430\u0441\u0442\u0438-\u0440\u0435\u043a\u0443\u043b\u044c\u0442\u0438\/\" >\t\t\t<div class=\"image-zoom image-cover\" style=\"padding-top:50%;\">\n\t\t\t\t<img loading=\"lazy\" decoding=\"async\" width=\"1140\" height=\"349\" src=\"https:\/\/www.gradientti.fi\/wp-content\/uploads\/2019\/10\/gradientti_pilaantuneet_01.jpg\" class=\"attachment- size-\" alt=\"Pilaantuneiden alueiden kohdetutkimukset sek\u00e4 pilaantuneisuuden ja puhdistustarpeen arviointi vaativat kokemusta ja ammattitaitoa. Kunnostusprojektit ovat monivaiheisia kokonaisuuksia. Avullamme v\u00e4ltyt\u00e4\u00e4n turhilta toimenpiteilt\u00e4 sek\u00e4 saavutetaan taloudellinen ja ymp\u00e4rist\u00f6n kannalta onnistunut lopputulos.\" srcset=\"https:\/\/www.gradientti.fi\/wp-content\/uploads\/2019\/10\/gradientti_pilaantuneet_01.jpg 1140w, https:\/\/www.gradientti.fi\/wp-content\/uploads\/2019\/10\/gradientti_pilaantuneet_01-300x92.jpg 300w, https:\/\/www.gradientti.fi\/wp-content\/uploads\/2019\/10\/gradientti_pilaantuneet_01-768x235.jpg 768w, https:\/\/www.gradientti.fi\/wp-content\/uploads\/2019\/10\/gradientti_pilaantuneet_01-1024x313.jpg 1024w\" sizes=\"auto, (max-width: 1140px) 100vw, 1140px\" \/>\t\t\t\t\t\t\t\t\t\t\t<\/div>\n\t\t\t<\/a>\t\t<\/div>\n\n\t\t<div class=\"box-text text-left\" style=\"background-color:rgb(233, 236, 245);padding:10px 25px 10px 25px;\">\n\t\t\t<div class=\"box-text-inner\">\n\t\t\t\t\n<h2><a href=\"\/ru\/\u0441\u0435\u0440\u0432\u0438\u0441\u044b\/\u044d\u043a\u0441\u043f\u0435\u0440\u0442\u043d\u044b\u0435-\u0443\u0441\u043b\u0443\u0433\u0438-\u0432-\u043e\u0431\u043b\u0430\u0441\u0442\u0438-\u0440\u0435\u043a\u0443\u043b\u044c\u0442\u0438\/\">\u0420\u0415\u041a\u0423\u041b\u042c\u0422\u0418\u0412\u0410\u0426\u0418\u042f \u041d\u0410\u0420\u0423\u0428\u0415\u041d\u041d\u042b\u0425 \u0417\u0415\u041c\u0415\u041b\u042c<\/a><\/h2>\n<a href=\"\/ru\/\u0441\u0435\u0440\u0432\u0438\u0441\u044b\/\u044d\u043a\u0441\u043f\u0435\u0440\u0442\u043d\u044b\u0435-\u0443\u0441\u043b\u0443\u0433\u0438-\u0432-\u043e\u0431\u043b\u0430\u0441\u0442\u0438-\u0440\u0435\u043a\u0443\u043b\u044c\u0442\u0438\/\" class=\"button secondary reveal-icon\"  >\n\t\t<span>\u0427\u0438\u0442\u0430\u0442\u044c \u0434\u0430\u043b\u0435\u0435<\/span>\n\t<i class=\"icon-angle-right\" aria-hidden=\"true\" ><\/i><\/a>\n\n\t\t\t<\/div>\n\t\t<\/div>\n\t<\/div>\n\t\n\t\t<\/div>\n\t\t\t\t\t<\/div>\n\n\t\n<\/div>\n","protected":false},"excerpt":{"rendered":"","protected":false},"author":1,"featured_media":0,"parent":0,"menu_order":0,"comment_status":"closed","ping_status":"closed","template":"","meta":{"footnotes":""},"class_list":["post-527","page","type-page","status-publish","hentry"],"yoast_head":"<!-- This site is optimized with the Yoast SEO plugin v24.5 - https:\/\/yoast.com\/wordpress\/plugins\/seo\/ -->\n<title>\u0423\u0441\u043b\u0443\u0433\u0438 - Insin\u00f6\u00f6ritoimisto Gradientti Oy<\/title>\n<meta name=\"robots\" content=\"index, follow, max-snippet:-1, max-image-preview:large, max-video-preview:-1\" \/>\n<link rel=\"canonical\" href=\"https:\/\/www.gradientti.fi\/ru\/\u0443\u0441\u043b\u0443\u0433\u0438\/\" \/>\n<meta property=\"og:locale\" content=\"ru_RU\" \/>\n<meta property=\"og:type\" content=\"article\" \/>\n<meta property=\"og:title\" content=\"\u0423\u0441\u043b\u0443\u0433\u0438 - Insin\u00f6\u00f6ritoimisto Gradientti Oy\" \/>\n<meta property=\"og:url\" content=\"https:\/\/www.gradientti.fi\/ru\/\u0443\u0441\u043b\u0443\u0433\u0438\/\" \/>\n<meta property=\"og:site_name\" content=\"Insin\u00f6\u00f6ritoimisto Gradientti Oy\" \/>\n<meta property=\"article:modified_time\" content=\"2023-08-25T10:01:13+00:00\" \/>\n<meta name=\"twitter:card\" content=\"summary_large_image\" \/>\n<meta name=\"twitter:label1\" content=\"\u041f\u0440\u0438\u043c\u0435\u0440\u043d\u043e\u0435 \u0432\u0440\u0435\u043c\u044f \u0434\u043b\u044f \u0447\u0442\u0435\u043d\u0438\u044f\" \/>\n\t<meta name=\"twitter:data1\" content=\"1 \u043c\u0438\u043d\u0443\u0442\u0430\" \/>\n<script type=\"application\/ld+json\" class=\"yoast-schema-graph\">{\"@context\":\"https:\/\/schema.org\",\"@graph\":[{\"@type\":\"WebPage\",\"@id\":\"https:\/\/www.gradientti.fi\/ru\/%d1%83%d1%81%d0%bb%d1%83%d0%b3%d0%b8\/\",\"url\":\"https:\/\/www.gradientti.fi\/ru\/%d1%83%d1%81%d0%bb%d1%83%d0%b3%d0%b8\/\",\"name\":\"\u0423\u0441\u043b\u0443\u0433\u0438 - Insin\u00f6\u00f6ritoimisto Gradientti Oy\",\"isPartOf\":{\"@id\":\"https:\/\/www.gradientti.fi\/#website\"},\"datePublished\":\"2019-10-25T10:00:22+00:00\",\"dateModified\":\"2023-08-25T10:01:13+00:00\",\"breadcrumb\":{\"@id\":\"https:\/\/www.gradientti.fi\/ru\/%d1%83%d1%81%d0%bb%d1%83%d0%b3%d0%b8\/#breadcrumb\"},\"inLanguage\":\"ru-RU\",\"potentialAction\":[{\"@type\":\"ReadAction\",\"target\":[\"https:\/\/www.gradientti.fi\/ru\/%d1%83%d1%81%d0%bb%d1%83%d0%b3%d0%b8\/\"]}]},{\"@type\":\"BreadcrumbList\",\"@id\":\"https:\/\/www.gradientti.fi\/ru\/%d1%83%d1%81%d0%bb%d1%83%d0%b3%d0%b8\/#breadcrumb\",\"itemListElement\":[{\"@type\":\"ListItem\",\"position\":1,\"name\":\"Home\",\"item\":\"https:\/\/www.gradientti.fi\/ru\/\"},{\"@type\":\"ListItem\",\"position\":2,\"name\":\"\u0423\u0441\u043b\u0443\u0433\u0438\"}]},{\"@type\":\"WebSite\",\"@id\":\"https:\/\/www.gradientti.fi\/#website\",\"url\":\"https:\/\/www.gradientti.fi\/\",\"name\":\"Insin\u00f6\u00f6ritoimisto Gradientti Oy\",\"description\":\"Ymp\u00e4rist\u00f6konsultti\",\"publisher\":{\"@id\":\"https:\/\/www.gradientti.fi\/#organization\"},\"potentialAction\":[{\"@type\":\"SearchAction\",\"target\":{\"@type\":\"EntryPoint\",\"urlTemplate\":\"https:\/\/www.gradientti.fi\/?s={search_term_string}\"},\"query-input\":{\"@type\":\"PropertyValueSpecification\",\"valueRequired\":true,\"valueName\":\"search_term_string\"}}],\"inLanguage\":\"ru-RU\"},{\"@type\":\"Organization\",\"@id\":\"https:\/\/www.gradientti.fi\/#organization\",\"name\":\"Insin\u00f6\u00f6ritoimisto Gradientti Oy\",\"url\":\"https:\/\/www.gradientti.fi\/\",\"logo\":{\"@type\":\"ImageObject\",\"inLanguage\":\"ru-RU\",\"@id\":\"https:\/\/www.gradientti.fi\/#\/schema\/logo\/image\/\",\"url\":\"https:\/\/www.gradientti.fi\/wp-content\/uploads\/2019\/10\/insinooritoimisto-gradientti-logo.png\",\"contentUrl\":\"https:\/\/www.gradientti.fi\/wp-content\/uploads\/2019\/10\/insinooritoimisto-gradientti-logo.png\",\"width\":322,\"height\":63,\"caption\":\"Insin\u00f6\u00f6ritoimisto Gradientti Oy\"},\"image\":{\"@id\":\"https:\/\/www.gradientti.fi\/#\/schema\/logo\/image\/\"}}]}<\/script>\n<!-- \/ Yoast SEO plugin. -->","yoast_head_json":{"title":"\u0423\u0441\u043b\u0443\u0433\u0438 - Insin\u00f6\u00f6ritoimisto Gradientti Oy","robots":{"index":"index","follow":"follow","max-snippet":"max-snippet:-1","max-image-preview":"max-image-preview:large","max-video-preview":"max-video-preview:-1"},"canonical":"https:\/\/www.gradientti.fi\/ru\/\u0443\u0441\u043b\u0443\u0433\u0438\/","og_locale":"ru_RU","og_type":"article","og_title":"\u0423\u0441\u043b\u0443\u0433\u0438 - Insin\u00f6\u00f6ritoimisto Gradientti Oy","og_url":"https:\/\/www.gradientti.fi\/ru\/\u0443\u0441\u043b\u0443\u0433\u0438\/","og_site_name":"Insin\u00f6\u00f6ritoimisto Gradientti Oy","article_modified_time":"2023-08-25T10:01:13+00:00","twitter_card":"summary_large_image","twitter_misc":{"\u041f\u0440\u0438\u043c\u0435\u0440\u043d\u043e\u0435 \u0432\u0440\u0435\u043c\u044f \u0434\u043b\u044f \u0447\u0442\u0435\u043d\u0438\u044f":"1 \u043c\u0438\u043d\u0443\u0442\u0430"},"schema":{"@context":"https:\/\/schema.org","@graph":[{"@type":"WebPage","@id":"https:\/\/www.gradientti.fi\/ru\/%d1%83%d1%81%d0%bb%d1%83%d0%b3%d0%b8\/","url":"https:\/\/www.gradientti.fi\/ru\/%d1%83%d1%81%d0%bb%d1%83%d0%b3%d0%b8\/","name":"\u0423\u0441\u043b\u0443\u0433\u0438 - Insin\u00f6\u00f6ritoimisto Gradientti Oy","isPartOf":{"@id":"https:\/\/www.gradientti.fi\/#website"},"datePublished":"2019-10-25T10:00:22+00:00","dateModified":"2023-08-25T10:01:13+00:00","breadcrumb":{"@id":"https:\/\/www.gradientti.fi\/ru\/%d1%83%d1%81%d0%bb%d1%83%d0%b3%d0%b8\/#breadcrumb"},"inLanguage":"ru-RU","potentialAction":[{"@type":"ReadAction","target":["https:\/\/www.gradientti.fi\/ru\/%d1%83%d1%81%d0%bb%d1%83%d0%b3%d0%b8\/"]}]},{"@type":"BreadcrumbList","@id":"https:\/\/www.gradientti.fi\/ru\/%d1%83%d1%81%d0%bb%d1%83%d0%b3%d0%b8\/#breadcrumb","itemListElement":[{"@type":"ListItem","position":1,"name":"Home","item":"https:\/\/www.gradientti.fi\/ru\/"},{"@type":"ListItem","position":2,"name":"\u0423\u0441\u043b\u0443\u0433\u0438"}]},{"@type":"WebSite","@id":"https:\/\/www.gradientti.fi\/#website","url":"https:\/\/www.gradientti.fi\/","name":"Insin\u00f6\u00f6ritoimisto Gradientti Oy","description":"Ymp\u00e4rist\u00f6konsultti","publisher":{"@id":"https:\/\/www.gradientti.fi\/#organization"},"potentialAction":[{"@type":"SearchAction","target":{"@type":"EntryPoint","urlTemplate":"https:\/\/www.gradientti.fi\/?s={search_term_string}"},"query-input":{"@type":"PropertyValueSpecification","valueRequired":true,"valueName":"search_term_string"}}],"inLanguage":"ru-RU"},{"@type":"Organization","@id":"https:\/\/www.gradientti.fi\/#organization","name":"Insin\u00f6\u00f6ritoimisto Gradientti Oy","url":"https:\/\/www.gradientti.fi\/","logo":{"@type":"ImageObject","inLanguage":"ru-RU","@id":"https:\/\/www.gradientti.fi\/#\/schema\/logo\/image\/","url":"https:\/\/www.gradientti.fi\/wp-content\/uploads\/2019\/10\/insinooritoimisto-gradientti-logo.png","contentUrl":"https:\/\/www.gradientti.fi\/wp-content\/uploads\/2019\/10\/insinooritoimisto-gradientti-logo.png","width":322,"height":63,"caption":"Insin\u00f6\u00f6ritoimisto Gradientti Oy"},"image":{"@id":"https:\/\/www.gradientti.fi\/#\/schema\/logo\/image\/"}}]}},"_links":{"self":[{"href":"https:\/\/www.gradientti.fi\/ru\/wp-json\/wp\/v2\/pages\/527","targetHints":{"allow":["GET"]}}],"collection":[{"href":"https:\/\/www.gradientti.fi\/ru\/wp-json\/wp\/v2\/pages"}],"about":[{"href":"https:\/\/www.gradientti.fi\/ru\/wp-json\/wp\/v2\/types\/page"}],"author":[{"embeddable":true,"href":"https:\/\/www.gradientti.fi\/ru\/wp-json\/wp\/v2\/users\/1"}],"replies":[{"embeddable":true,"href":"https:\/\/www.gradientti.fi\/ru\/wp-json\/wp\/v2\/comments?post=527"}],"version-history":[{"count":7,"href":"https:\/\/www.gradientti.fi\/ru\/wp-json\/wp\/v2\/pages\/527\/revisions"}],"predecessor-version":[{"id":692,"href":"https:\/\/www.gradientti.fi\/ru\/wp-json\/wp\/v2\/pages\/527\/revisions\/692"}],"wp:attachment":[{"href":"https:\/\/www.gradientti.fi\/ru\/wp-json\/wp\/v2\/media?parent=527"}],"curies":[{"name":"wp","href":"https:\/\/api.w.org\/{rel}","templated":true}]}}